{"id":106,"date":"2026-03-24T10:27:49","date_gmt":"2026-03-24T09:27:49","guid":{"rendered":"https:\/\/www.byczynski.pl\/?page_id=106"},"modified":"2026-03-24T10:27:49","modified_gmt":"2026-03-24T09:27:49","slug":"herkules","status":"publish","type":"page","link":"https:\/\/www.byczynski.pl\/?page_id=106","title":{"rendered":"Herkules"},"content":{"rendered":"\n<p>Dawno, dawno temu, za g\u00f3rami, za lasami \u017cy\u0142y sobie Amazonki. Ka\u017cda z nich mia\u0142a \u0142uk, strza\u0142y i plakat \u201eMan of the Year 2000\u201d \u2013 czym\u015b w ko\u0144cu trzeba si\u0119 podciera\u0107 w d\u017cungli.<\/p>\n\n\n\n<p>Amazonki spotyka\u0142y si\u0119 tylko raz w miesi\u0105cu i to wy\u0142\u0105cznie w celu wymiany pogl\u0105d\u00f3w.<\/p>\n\n\n\n<p>Przyk\u0142adowe tematy spotka\u0144:<br>Jak strzela\u0107, co by ustrzeli\u0107.<br>Dzida bojowa twoj\u0105 przyjaci\u00f3\u0142k\u0105.<br>Strza\u0142a \u2013 nie mech, da si\u0119 jej u\u017cy\u0107 jeszcze raz.<br>Kto si\u0119 boi wilka.<\/p>\n\n\n\n<p>Ka\u017cda z nich by\u0142a niezale\u017cna, zgodnie z zasad\u0105: nie masz testosteronu, to chocia\u017c go udawaj. Uroda nic to, doktorat nic to \u2013 jeno niezale\u017cno\u015b\u0107 od m\u0119\u017cczyzn.<\/p>\n\n\n\n<p>Amazonki \u017cy\u0142y sobie \u015bwietnie. Ka\u017cda zajmowa\u0142a kawa\u0142eczek lasu, staraj\u0105c si\u0119 nie wchodzi\u0107 reszcie w drog\u0119. Czasami wymienia\u0142y si\u0119 przepisami na tort urodzinowy lub zup\u0119 z dyni.<\/p>\n\n\n\n<p>\u017bycie literackie kwit\u0142o poprzez wpisy na drzewach granicznych, czyli takich, kt\u00f3re nie nale\u017ca\u0142y do nikogo. Wpisy wyra\u017ca\u0142y prawdziwe pogl\u0105dy, nieobj\u0119te polityczn\u0105 poprawno\u015bci\u0105 tudzie\u017c religi\u0105:<br>\u2013 \u201epossa\u0142a bym ci czarnuchu\u201d (wpis wielbicielki wolnej mi\u0142o\u015bci),<br>\u2013 \u201esprzedam ko\u0142czan, nieu\u017cywany\u201d (ten wpis da\u0142 pocz\u0105tek Allegro),<br>\u2013 \u201ewysz\u0142am na pogrzeb, zaraz wracam\u201d,<br>\u2013 \u201ekocham Tomka \u2013 Krysia\u201d (ten napis zosta\u0142 zamazany przez amazo\u0144sk\u0105 inkwizycj\u0119).<\/p>\n\n\n\n<p>Tak mija\u0142y dni i godziny na \u201efizdryga\u0142kach\u201d i \u201ekrotochwilach\u201d. Amazonki wciera\u0142y kremy przeciw starzeniu, a m\u0119\u017cczy\u017ani z coraz wi\u0119ksz\u0105 chcic\u0105 trzymali si\u0119 na obrze\u017cach lasu pod gro\u017ab\u0105 utraty instrumentu.<\/p>\n\n\n\n<p>Wtedy zjawi\u0142 si\u0119 On. Wielki, na dwa metry ch\u0142op, co si\u0119 nie ba\u0142 wej\u015b\u0107 mi\u0119dzy w\u00f3dk\u0119 a zak\u0105sk\u0119, bo nie wiedzia\u0142, co czyni.<\/p>\n\n\n\n<p>Pani Natura, te\u017c amazonka, obdarzy\u0142a go wielkim cia\u0142em i wyj\u0105tkowo ma\u0142\u0105 empati\u0105. W dupie mia\u0142 ca\u0142y \u015bwiat, a kobiety mia\u0142 te\u017c w dupie, jako \u017ce kobiety \u2013 pomimo ich protest\u00f3w \u2013 te\u017c do \u015bwiata zaliczaj\u0105 si\u0119.<\/p>\n\n\n\n<p>Herkules, bo tak nazwa\u0142 go tatu\u015b na trzydniowej popijawie u wujka Hefajstosa, mia\u0142 pewien plan na \u017cycie. G\u0142\u00f3wnym punktem planu by\u0142a niezale\u017cno\u015b\u0107 od kobiet.<\/p>\n\n\n\n<p>Biedny Herki sam nie wiedzia\u0142, co to te kobiety s\u0105, ale tatu\u015b wpoi\u0142 mu odpowiedni stosunek do nich, zanim je pozna\u0142. Trudno zatem nazwa\u0107 Herkulesa mizoginem, skoro kobiety zna\u0142 raczej z opowie\u015bci, a tatu\u015b swoje zrobi\u0142, s\u0105cz\u0105c jad do jego dopiero co powsta\u0142ej duszy.<\/p>\n\n\n\n<p>Herki, amator mocnego pierdolni\u0119cia i w\u00f3dki czystej, uwielbia\u0142 szarady i zagadki. Im wi\u0119ksza zagadka, tym wi\u0119kszy fun. Kupowa\u0142 krzy\u017c\u00f3wki horyzontalne, wertykalne, raz nawet kupi\u0142 krzy\u017c\u00f3wk\u0119 \u201ewir\u201d \u2013 do czasu, a\u017c odkry\u0142, \u017ce kioskarz nie wysy\u0142a wynik\u00f3w, tylko nabija sprzeda\u017c poprzez niecne praktyki sprzeda\u017cowe.<\/p>\n\n\n\n<p>Zaczynaj\u0105c zdanie od \u201ewi\u0119c\u201d.<\/p>\n\n\n\n<p>Wi\u0119c kiedy spotka\u0142 Harpi\u0119 \u2013 p\u00f3\u0142 kobiet\u0119, p\u00f3\u0142 lwa \u2013 przy bramce do lasu z tabliczk\u0105: \u201eodpowiedz na moje pytanie, a skosztujesz\u201d, zatar\u0142 r\u0105czki, b\u0119d\u0105c pewnym wygranej.<\/p>\n\n\n\n<p>Harpia zapyta\u0142a:<br>\u2013 Jak d\u0142ugo trwa ci\u0105\u017ca bakterii?<\/p>\n\n\n\n<p>Herki potar\u0142 brod\u0119.<br>\u2013 Bakteria nie zaci\u0105\u017cy, bo jest obojniakiem.<\/p>\n\n\n\n<p>Harpia zblad\u0142a i wyobrazi\u0142a sobie, \u017ce kto\u015b odpowie na pytanie i posi\u0105dzie kluczyk do jej sutry.<\/p>\n\n\n\n<p>Herki u\u015bmiechn\u0105\u0142 si\u0119 w ramach gry wst\u0119pnej. Harpia zada\u0142a pytanie drugie:<br>\u2013 Jak wygl\u0105da biedronka z drugiej strony?<\/p>\n\n\n\n<p>Herki odpowiedzia\u0142 pysza\u0142kowato:<br>\u2013 Biedronka z drugiej strony ma sze\u015b\u0107 n\u00f3\u017cek, ryjek i dwie brzydkie czu\u0142ki.<\/p>\n\n\n\n<p>Harpia zblad\u0142a. Zd\u0105\u017cy\u0142a si\u0119 ju\u017c przekona\u0107 do my\u015bli, \u017ce kto\u015b po czterystu latach w ko\u0144cu jej skosztuje, a tu taka pomy\u0142ka.<\/p>\n\n\n\n<p>Harpia odpowiedzia\u0142a zgodnie z prawd\u0105:<br>\u2013 Biedronka po drugiej stronie ma podjazd dla tir\u00f3w i \u015bmietniki.<\/p>\n\n\n\n<p>\u2013 Teraz ci\u0119 zjem, Herkulesie, synu ojca z Olimpu, i zak\u0105sz\u0119 og\u00f3rkiem, jakby\u015b zaczepi\u0142 si\u0119 sprz\u0105czk\u0105 od spodni o me gard\u0142o.<\/p>\n\n\n\n<p>Herki wiedzia\u0142, \u017ce albo si\u0119 obroni, albo zginie, ze\u017carty przez Harpi\u0119, i tatu\u015b nie pomo\u017ce.<\/p>\n\n\n\n<p>\u2013 Droga Harpio, pytanie by\u0142o tendencyjne. Czy je\u015bli dam ci to, czego chcesz, to mnie pu\u015bcisz?<\/p>\n\n\n\n<p>Harpia podrapa\u0142a si\u0119 o pi\u00f3ropusz z pi\u00f3r i wyda\u0142a werdykt:<br>\u2013 Dawaj, czego chc\u0119, Herkulesie.<\/p>\n\n\n\n<p>Harpia by\u0142a pewna, \u017ce Herkules nie odpowie na pytanie. No, sama nie wiedzia\u0142a, czego chce. Poskaka\u0142a na jednej nodze, za\u015bmia\u0142a si\u0119 z\u0142owieszczo:<br>\u2013 Jeste\u015b m\u00f3j, co do kosteczki wpierdol\u0119 ci\u0119 \u201esaute\u201d.<\/p>\n\n\n\n<p>Herki prze\u0142kn\u0105\u0142 \u015blin\u0119, zrobi\u0142 teatralne \u201egul\u201d i powiedzia\u0142:<\/p>\n\n\n\n<p>\u2013 Chcia\u0142aby\u015b mie\u0107 faceta, kt\u00f3ry by ci\u0119 drapa\u0142 po pleckach, przynosi\u0142 kwiaty i pami\u0119ta\u0142 o rocznicy \u015blubu. Chcia\u0142aby\u015b, aby w \u0142\u00f3\u017cku by\u0142o twardo i za w\u0142osy, a jednocze\u015bnie nami\u0119tnie. Chcia\u0142aby\u015b, \u017ceby opowiada\u0142 fizdryga\u0142ki i zarabia\u0142 krocie. Chcia\u0142aby\u015b, \u017ceby codziennie bu\u0142ki od piekarza nosi\u0142.<\/p>\n\n\n\n<p>Harpia j\u0119kn\u0119\u0142a cichutko i odlecia\u0142a, zostawiaj\u0105c bramk\u0119 do parku pust\u0105.<\/p>\n\n\n\n<p>Herki wygra\u0142 i od razu posmutnia\u0142. Pierwsza kobieta, kt\u00f3r\u0105 zagada\u0142, uciek\u0142a, a przecie\u017c to mia\u0142a by\u0107 gra wst\u0119pna. Jak\u017ce uprawia\u0107 seks samemu \u2013 przecie\u017c nawet wujek Onan mia\u0142 do tego dw\u00f3ch: r\u0119k\u0119 i siebie.<\/p>\n\n\n\n<p>Poszed\u0142 zatem dalej. Pierwsza przeszkoda pokonana, Harpia zagadana.<\/p>\n\n\n\n<p>Poszed\u0142 dalej na polank\u0119 brz\u00f3zek, gdzie spotka\u0142 drag queen, i zap\u0142aka\u0142.<\/p>\n\n\n\n<p>\u2013 Jak\u017ce to, przebierasz si\u0119 za kobiet\u0119, huncwocie, i kusisz?<\/p>\n\n\n\n<p>Drag queen odpowiedzia\u0142a ludzkim g\u0142osem:<br>\u2013 Je\u015bli znajdziesz m\u00f3j pantofelek, to zabior\u0119 ci\u0119 w podr\u00f3\u017c bez trzymanki. Znajd\u017a pantofelek, a zobaczysz. B\u0119d\u0105 bicze wodne bez wody.<\/p>\n\n\n\n<p>Herki zap\u0142aka\u0142.<\/p>\n\n\n\n<p>B\u0119d\u0105c zagadywanym jeszcze wiele razy przez r\u00f3\u017cne postacie, nie da\u0142 si\u0119. Twardy by\u0142 niczym granit. Twardy niczym ch\u0119\u0107 poznania Amazonki. Twardy niczym zestaw speleologa.<\/p>\n\n\n\n<p>Pozosta\u0142 w naszej pami\u0119ci Herkules \u2013 pierwszym m\u0119\u017cczyzn\u0105, kt\u00f3ry zbli\u017cy\u0142 si\u0119 do kobiety.<\/p>\n\n\n\n<p>Koniec.<\/p>\n","protected":false},"excerpt":{"rendered":"<p>Dawno, dawno temu, za g\u00f3rami, za lasami \u017cy\u0142y sobie Amazonki. Ka\u017cda z nich mia\u0142a \u0142uk, strza\u0142y i plakat \u201eMan of the Year 2000\u201d \u2013 czym\u015b w ko\u0144cu trzeba si\u0119 podciera\u0107 w d\u017cungli. Amazonki spotyka\u0142y si\u0119 tylko raz w miesi\u0105cu i to wy\u0142\u0105cznie w celu wymiany pogl\u0105d\u00f3w. Przyk\u0142adowe tematy spotka\u0144:Jak strzela\u0107, co by ustrzeli\u0107.Dzida bojowa twoj\u0105&hellip;<\/p>\n","protected":false},"author":1,"featured_media":0,"parent":0,"menu_order":0,"comment_status":"closed","ping_status":"closed","template":"","meta":[],"_links":{"self":[{"href":"https:\/\/www.byczynski.pl\/index.php?rest_route=\/wp\/v2\/pages\/106"}],"collection":[{"href":"https:\/\/www.byczynski.pl\/index.php?rest_route=\/wp\/v2\/pages"}],"about":[{"href":"https:\/\/www.byczynski.pl\/index.php?rest_route=\/wp\/v2\/types\/page"}],"author":[{"embeddable":true,"href":"https:\/\/www.byczynski.pl\/index.php?rest_route=\/wp\/v2\/users\/1"}],"replies":[{"embeddable":true,"href":"https:\/\/www.byczynski.pl\/index.php?rest_route=%2Fwp%2Fv2%2Fcomments&post=106"}],"version-history":[{"count":1,"href":"https:\/\/www.byczynski.pl\/index.php?rest_route=\/wp\/v2\/pages\/106\/revisions"}],"predecessor-version":[{"id":108,"href":"https:\/\/www.byczynski.pl\/index.php?rest_route=\/wp\/v2\/pages\/106\/revisions\/108"}],"wp:attachment":[{"href":"https:\/\/www.byczynski.pl\/index.php?rest_route=%2Fwp%2Fv2%2Fmedia&parent=106"}],"curies":[{"name":"wp","href":"https:\/\/api.w.org\/{rel}","templated":true}]}}