{"id":109,"date":"2026-03-24T10:35:55","date_gmt":"2026-03-24T09:35:55","guid":{"rendered":"https:\/\/www.byczynski.pl\/?page_id=109"},"modified":"2026-03-24T10:35:55","modified_gmt":"2026-03-24T09:35:55","slug":"bajka-o-lucku-krytyku","status":"publish","type":"page","link":"https:\/\/www.byczynski.pl\/?page_id=109","title":{"rendered":"Bajka o Lucku Krytyku"},"content":{"rendered":"\n<p><\/p>\n\n\n\n<p>Ma\u0142y Lucek od zawsze chcia\u0142 by\u0107 artyst\u0105. Dla dzieci z podw\u00f3rka wystawia\u0142 teatrzyki lalek, uliczne psychodramy i happeningi w pralni Pani J\u00f3zi. Wszystko sz\u0142o pi\u0119knie do czasu s\u0142ynnego performance\u2019u pod tytu\u0142em \u201eOg\u00f3rek \u015bwiat\u0142a\u201d. Tego jego publika nie by\u0142a ju\u017c w stanie zrozumie\u0107. \u015arednia wieku \u2013 lat 6.<\/p>\n\n\n\n<p>Tylko Pani J\u00f3zia, w\u0142a\u015bcicielka wielkich niebieskich oczu, wsparta o swe kr\u0105g\u0142e biodra, z uporem maniaka powtarza\u0142a:<br>\u2013 A ja wam m\u00f3wi\u0119, Lucek kiedy\u015b b\u0119dzie kim\u015b wa\u017cnym.<\/p>\n\n\n\n<p>Lucek jednak zrozumia\u0142, \u017ce tFurczo\u015b\u0107 przez du\u017ce tfu wymaga cierpliwo\u015bci, a i pieni\u0105dz z tego niepewny. W nocy nawiedzi\u0142 go szata\u0144ski pomys\u0142. Po co samemu si\u0119 m\u0119czy\u0107, jak mo\u017cna przecie\u017c z\u0142apa\u0107 artyst\u0119 i powiedzie\u0107 ludziom, co on w\u0142a\u015bciwie mia\u0142 na my\u015bli?<\/p>\n\n\n\n<p>Kupi\u0142 se wi\u0119c Lucek zestaw \u201eMA\u0141Y KRYTYK\u201d.<\/p>\n\n\n\n<p>Otworzy\u0142 pude\u0142ko i czyta instrukcj\u0119 obs\u0142ugi. W pude\u0142ku powinno si\u0119 znale\u017a\u0107:<\/p>\n\n\n\n<ol type=\"1\"><li>szkie\u0142ko i oko,<\/li><li>s\u0142ownik wyraz\u00f3w m\u0105drze brzmi\u0105cych,<\/li><li>jeden chomik prze\u015bmiewca,<\/li><li>zestaw do m\u0105drych min i marszczenia czo\u0142a.<\/li><\/ol>\n\n\n\n<p>Uwaga: artysta nie zosta\u0142 do\u0142\u0105czony do zestawu i trzeba go znale\u017a\u0107 samemu.<\/p>\n\n\n\n<p>Poszed\u0142 se wi\u0119c Lucek do kina na film \u2013 \u0142apa\u0107 artyst\u0119. Popatrzy\u0142 na ekran, wyci\u0105gn\u0105\u0142 r\u0119ce i z\u0142apa\u0142 ofiar\u0119 za nogi.<\/p>\n\n\n\n<p>\u2013 No chod\u017a tu, artysto, ty bezczelny kmiocie! Gdzie, gdzie uciekasz? W\u0142a\u017a do szuflady, bo ci\u0119 kopn\u0119 w twoj\u0105 artystyczn\u0105 dup\u0119 i b\u0119dziesz mia\u0142 siedem lat posuchy!<\/p>\n\n\n\n<p>\u2013 Kurde, no nie mie\u015bci si\u0119, nie mie\u015bci. Co ja teraz zrobi\u0119?<br>Mo\u017ce by go tak w dwie szuflady?<\/p>\n\n\n\n<p>G\u0142ow\u0119 i tu\u0142\u00f3w w postmodernizm, a nogi w pude\u0142ko z napisem \u201eHollywoodzki mainstream\u201d.<\/p>\n\n\n\n<p>Nasapa\u0142o si\u0119 dzieci\u0119, nam\u0119czy\u0142o, a\u017c wreszcie \u2013 z pomoc\u0105 s\u0142ownika wyraz\u00f3w m\u0105drze brzmi\u0105cych \u2013 docisn\u0119\u0142o szufladk\u0119. Przyklasn\u0119\u0142o w ma\u0142e, pulchniutkie r\u0105czki.<\/p>\n\n\n\n<p>\u2013 Mam, mam! Pierwszego w\u0142asnego artyst\u0119! B\u0119dzie teraz m\u00f3j na wieki!<\/p>\n\n\n\n<p>Tylko z g\u0142\u0119bi szuflady zawodzi\u0142 g\u0142os przek\u0142utego motyla:<br>\u2013 Ja nie chc\u0119 do szufladki\u2026 Ja chc\u0119 by\u0107 wolny\u2026 Ja po prostu chc\u0119 robi\u0107 filmy\u2026<\/p>\n","protected":false},"excerpt":{"rendered":"<p>Ma\u0142y Lucek od zawsze chcia\u0142 by\u0107 artyst\u0105. Dla dzieci z podw\u00f3rka wystawia\u0142 teatrzyki lalek, uliczne psychodramy i happeningi w pralni Pani J\u00f3zi. Wszystko sz\u0142o pi\u0119knie do czasu s\u0142ynnego performance\u2019u pod tytu\u0142em \u201eOg\u00f3rek \u015bwiat\u0142a\u201d. Tego jego publika nie by\u0142a ju\u017c w stanie zrozumie\u0107. \u015arednia wieku \u2013 lat 6. Tylko Pani J\u00f3zia, w\u0142a\u015bcicielka wielkich niebieskich oczu, wsparta&hellip;<\/p>\n","protected":false},"author":1,"featured_media":0,"parent":0,"menu_order":0,"comment_status":"closed","ping_status":"closed","template":"","meta":[],"_links":{"self":[{"href":"https:\/\/www.byczynski.pl\/index.php?rest_route=\/wp\/v2\/pages\/109"}],"collection":[{"href":"https:\/\/www.byczynski.pl\/index.php?rest_route=\/wp\/v2\/pages"}],"about":[{"href":"https:\/\/www.byczynski.pl\/index.php?rest_route=\/wp\/v2\/types\/page"}],"author":[{"embeddable":true,"href":"https:\/\/www.byczynski.pl\/index.php?rest_route=\/wp\/v2\/users\/1"}],"replies":[{"embeddable":true,"href":"https:\/\/www.byczynski.pl\/index.php?rest_route=%2Fwp%2Fv2%2Fcomments&post=109"}],"version-history":[{"count":1,"href":"https:\/\/www.byczynski.pl\/index.php?rest_route=\/wp\/v2\/pages\/109\/revisions"}],"predecessor-version":[{"id":111,"href":"https:\/\/www.byczynski.pl\/index.php?rest_route=\/wp\/v2\/pages\/109\/revisions\/111"}],"wp:attachment":[{"href":"https:\/\/www.byczynski.pl\/index.php?rest_route=%2Fwp%2Fv2%2Fmedia&parent=109"}],"curies":[{"name":"wp","href":"https:\/\/api.w.org\/{rel}","templated":true}]}}