{"id":28,"date":"2019-11-23T13:26:04","date_gmt":"2019-11-23T12:26:04","guid":{"rendered":"https:\/\/www.byczynski.pl\/?page_id=28"},"modified":"2019-11-23T13:26:04","modified_gmt":"2019-11-23T12:26:04","slug":"ostatnia-podroz-odysa","status":"publish","type":"page","link":"https:\/\/www.byczynski.pl\/?page_id=28","title":{"rendered":"Ostatnia podr\u00f3\u017c Odysa"},"content":{"rendered":"\n<figure class=\"wp-block-image\"><img loading=\"lazy\" width=\"600\" height=\"800\" src=\"https:\/\/www.byczynski.pl\/wp-content\/uploads\/2019\/11\/lod.jpg\" alt=\"\" class=\"wp-image-29\"\/><\/figure>\n\n\n\n<p>Jeszcze tylko par\u0119 krok\u00f3w. Wytrzymam , musz\u0119 wytrzyma\u0107. Te\n\u015blady prowadz\u0105 przecie\u017c do miasta, tam s\u0105 ludzie i ciep\u0142a herbata. Tak, ciep\u0142a\nherbata z cytryna, piec o kt\u00f3ry mo\u017cna si\u0119 oprze\u0107. Zadzwoni\u0119 do domu, przyjedzie\nmoja Penelopa i b\u0119d\u0119 si\u0119 \u015bmia\u0142 ze swojej g\u0142upoty. <\/p>\n\n\n\n<p>Cholera nie czuj\u0119 n\u00f3g, to nic, nie my\u015bl o tym, masz tylko\nstawia\u0107 nogi. Lewa , prawa, lewa, prawa&#8230;<\/p>\n\n\n\n<p>Czemu na horyzoncie nie ma \u017cadnych \u015bwiate\u0142. Powinny by\u0107\njakie\u015b ma\u0142e \u015bwiate\u0142ka, dym z chaty, ujadanie psa. Ta \u015bmiertelna cisza, tylko\nwiatr skowycze melodie. Kto\u015b co\u015b m\u00f3wi ?<\/p>\n\n\n\n<p>-Halo, przepraszam, halo, zgubi\u0142em si\u0119.<\/p>\n\n\n\n<p>-Za chwile zamarzn\u0119 a moje u\u0142o\u017cone ego nie chce zrobi\u0107 z\nsiebie wariata.<\/p>\n\n\n\n<p>-Na pomoc, niech kto\u015b mi pomo\u017ce !<\/p>\n\n\n\n<p>Nie to tylko omamy, nikogo tu nie ma. Robi si\u0119 coraz\nciemniej, musz\u0119 przyspieszy\u0107 kroku. Jeszcze wczoraj by\u0142em tak potwornie\nznudzony \u017cyciem. \u017bon\u0105, rodzin\u0105, dzie\u0107mi, tym pieprzonym umieraniem w grzechu\nnudy. Teraz odda\u0142bym wszystko za kolejny dzie\u0144 \u015bwistaka.<\/p>\n\n\n\n<p>-Jajecznica \u015bci\u0119ta z pomidorem ?<\/p>\n\n\n\n<p>-Tak, prosz\u0119<\/p>\n\n\n\n<p>-Twoja gazeta, kochanie.<\/p>\n\n\n\n<p>Kim jest ta Pani co rozdaje s\u0142u\u017cbowy u\u015bmiech. Kiedy\u015b j\u0105\nzna\u0142em, mieli\u015bmy wielkie plany. Chcieli\u015bmy podr\u00f3\u017cowa\u0107, do\u015bwiadcza\u0107, zdobywa\u0107. <\/p>\n\n\n\n<p>Teraz co, najwi\u0119kszym wydarzeniem dnia jest upadek talerza\nlub wizyta u dentysty. <\/p>\n\n\n\n<p>Jest coraz ciemniej, ju\u017c nie czuje zimna. W\u0142a\u015bciwie jest mi\ndobrze, tylko ten wiatr tak g\u0142o\u015bno j\u0119czy. Jeszcze tylko kilka krok\u00f3w. &#8230;<\/p>\n\n\n\n<p>Szpitalny zapach oznajmia\u0142 wszystkim gdzie si\u0119 znajduj\u0105.\nNerwowe \u015bmiechy dzieci, brutalnie urywane przez stateczne matrony. Odg\u0142osy\ndrewnianych chodak\u00f3w i ciche popiskiwania wys\u0142u\u017conych w\u00f3zk\u00f3w. Papieros za\npapierosem, bia\u0142e wskaz\u00f3wki zegara powoli i nieub\u0142aganie odliczaj\u0105 pozosta\u0142y\nczas. <\/p>\n\n\n\n<p>M\u0142ody lekarz, w bia\u0142ym wyp\u0142owia\u0142ym kitlu, zbli\u017ca si\u0119 do\nzm\u0119czonej dziewczyny.<\/p>\n\n\n\n<p>-Penelopa<\/p>\n\n\n\n<p>-Tak <\/p>\n\n\n\n<p>-Robili\u015bmy, wszystko co w naszej mocy, niestety Odys nie\n\u017cyje.<\/p>\n","protected":false},"excerpt":{"rendered":"<p>Jeszcze tylko par\u0119 krok\u00f3w. Wytrzymam , musz\u0119 wytrzyma\u0107. Te \u015blady prowadz\u0105 przecie\u017c do miasta, tam s\u0105 ludzie i ciep\u0142a herbata. Tak, ciep\u0142a herbata z cytryna, piec o kt\u00f3ry mo\u017cna si\u0119 oprze\u0107. Zadzwoni\u0119 do domu, przyjedzie moja Penelopa i b\u0119d\u0119 si\u0119 \u015bmia\u0142 ze swojej g\u0142upoty. Cholera nie czuj\u0119 n\u00f3g, to nic, nie my\u015bl o tym, masz&hellip;<\/p>\n","protected":false},"author":1,"featured_media":0,"parent":0,"menu_order":0,"comment_status":"closed","ping_status":"closed","template":"","meta":[],"_links":{"self":[{"href":"https:\/\/www.byczynski.pl\/index.php?rest_route=\/wp\/v2\/pages\/28"}],"collection":[{"href":"https:\/\/www.byczynski.pl\/index.php?rest_route=\/wp\/v2\/pages"}],"about":[{"href":"https:\/\/www.byczynski.pl\/index.php?rest_route=\/wp\/v2\/types\/page"}],"author":[{"embeddable":true,"href":"https:\/\/www.byczynski.pl\/index.php?rest_route=\/wp\/v2\/users\/1"}],"replies":[{"embeddable":true,"href":"https:\/\/www.byczynski.pl\/index.php?rest_route=%2Fwp%2Fv2%2Fcomments&post=28"}],"version-history":[{"count":2,"href":"https:\/\/www.byczynski.pl\/index.php?rest_route=\/wp\/v2\/pages\/28\/revisions"}],"predecessor-version":[{"id":46,"href":"https:\/\/www.byczynski.pl\/index.php?rest_route=\/wp\/v2\/pages\/28\/revisions\/46"}],"wp:attachment":[{"href":"https:\/\/www.byczynski.pl\/index.php?rest_route=%2Fwp%2Fv2%2Fmedia&parent=28"}],"curies":[{"name":"wp","href":"https:\/\/api.w.org\/{rel}","templated":true}]}}