{"id":34,"date":"2019-11-23T14:00:25","date_gmt":"2019-11-23T13:00:25","guid":{"rendered":"https:\/\/www.byczynski.pl\/?page_id=34"},"modified":"2019-11-23T14:04:28","modified_gmt":"2019-11-23T13:04:28","slug":"kruczki-lubia-sztuczki","status":"publish","type":"page","link":"https:\/\/www.byczynski.pl\/?page_id=34","title":{"rendered":"Kruczki lubi\u0105 sztuczki"},"content":{"rendered":"\n<figure class=\"wp-block-image\"><img loading=\"lazy\" width=\"640\" height=\"427\" src=\"https:\/\/www.byczynski.pl\/wp-content\/uploads\/2019\/11\/kruki.jpg\" alt=\"\" class=\"wp-image-35\"\/><\/figure>\n\n\n\n<p>&#8211; Kra, kra.<\/p>\n\n\n\n<p>-Tata a jak my\u015blisz czy ci na dole tam s\u0105 jak\u0105\u015b form\u0105 inteligencji ? <\/p>\n\n\n\n<p>&#8211; Wygl\u0105daj\u0105 do\u015b\u0107 inteligentnie. <\/p>\n\n\n\n<p>&#8211; Mo\u017ce oni te\u017c my\u015bl\u0105 podobnie do nas. <\/p>\n\n\n\n<p>Pr\u00f3bowa\u0142em nawet komunikacji ale bez skutecznie. Wiesz\noni tylko brz\u0119cz\u0105 i robia te swoje \u015bmieszne kopc\u0105ce maszyny. Szukamy obcych\nw\u015br\u00f3d gwiazd a tymczasem mamy ich pod nosem. <\/p>\n\n\n\n<p>&#8211; Pami\u0119tam jak wujek pr\u00f3bowa\u0142 polecie\u0107 do gwiazd nawet\nnasmarowa\u0142 dzi\u00f3b specjalnym \u0142ojem ale powietrza mu zabrak\u0142o. <\/p>\n\n\n\n<p>&#8211; S\u0142aby jest herbatnik, ja bym dolecia\u0142. Ojciec tlenu by\nci zabrak\u0142o. Tam w g\u00f3rze ma\u0142o tlenu jest. Jak bym potrenowa\u0142 i du\u017co nabra\u0142 to\nbym dolecia\u0142, jakem kruczoczarny. <\/p>\n\n\n\n<p>&#8211; Za\u0142o\u017cysz si\u0119 o dzisiejszy deserek ?<\/p>\n\n\n\n<p>&#8211; Masz na my\u015bli ziarenka czy \u015bwierszcze ? <\/p>\n\n\n\n<p>&#8211; Jedno i drugie. <\/p>\n\n\n\n<p>&#8211; Synu\u015b nie b\u0105d\u017a pazerny.<\/p>\n\n\n\n<p>&#8211; Czyli robisz takie za\u0142o\u017cenie \u017ce m\u00f3g\u0142by\u015b przegra\u0107\nzak\u0142ad. <\/p>\n\n\n\n<p>&#8211; Synu\u015b zawsze mo\u017cna przegra\u0107 a podwieczorek musi by\u0107. W\npewnym wieku z trzech P zostaje ju\u017c tylko podwieczorek. <\/p>\n\n\n\n<p>&#8211; Co to te trzy P ?<\/p>\n\n\n\n<p>&#8211; Picie, Palenie i Podwieczorek jak dojdziesz do\nstosownego wieku to ci powiem jeszcze na co mo\u017cna zmieni\u0107 ten podwieczorek. <\/p>\n\n\n\n<p>&#8211; Patrz a te \u0142yse ma\u0142py tam podobno lataj\u0105. <\/p>\n\n\n\n<p>&#8211; Te\u017c mi argument a mr\u00f3wki i termity buduj\u0105 kopce i co\npogadasz z nimi. <\/p>\n\n\n\n<p>&#8211; No te\u017c fakt, czyli nie ma rozumnego \u017cycia na ziemi poza\nnami ?<\/p>\n\n\n\n<p>&#8211; Na to wygl\u0105da \u017ce nie. <\/p>\n\n\n\n<p>&#8211; No to mo\u017ce by ich tak spr\u00f3bowa\u0107 po kruczemu nauczy\u0107\nm\u00f3wi\u0107. <\/p>\n\n\n\n<p>Ju\u017c olejmy ca\u0142\u0105 literatur\u0119, matematyk\u0119 in\u017cynieri\u0119 lotu.\nAle chocia\u017c gada\u0107, to mieliby\u015bmy jak\u0105\u015b tam rozrywk\u0119. <\/p>\n\n\n\n<p>&#8211; Plebejsk\u0105 raczej ojciec. Przypomina mi to\n\u015bredniowieczne cyrki gdzie wystawiano kruki albinosy albo te krzywym dziobem. <\/p>\n\n\n\n<p>&#8211; Racja ale fajnie by si\u0119 przekona\u0107 \u017ce chocia\u017c komunikowa\u0107\nsi\u0119 potrafi\u0105. <\/p>\n\n\n\n<p>&#8211; Ojciec a chod\u017a tak dla jaj. Podlecimy do tej\nprze\u017aroczystej bariery gdzie te \u0142yse ma\u0142py mieszkaj\u0105 i spr\u00f3bujemy algebry\nbinarnej. <\/p>\n\n\n\n<p>&#8211; Zastukam w barier\u0119. <\/p>\n\n\n\n<p>&#8211; Ma\u0142pka odstuka. <\/p>\n\n\n\n<p>&#8211; Zobaczymy mo\u017ce potrafi\u0105 dodawa\u0107. <\/p>\n\n\n\n<p>&#8211; Kruczki podlecia\u0142y do okna i zacz\u0119\u0142y dziobkami stuka\u0107 w\nparapet. <\/p>\n\n\n\n<p>&#8211; Pani Lusia ciesz\u0105c si\u0119 nasypa\u0142a im chleba. <\/p>\n\n\n\n<p>&#8211; Jed\u017acie malutkie Bozia pokara\u0142a was ze takie czarne\ncia\u0142ka wam da\u0142a to chocia\u017c chlebka sobie pojecie. <\/p>\n\n\n\n<p>&#8211; Ojciec zobacz ledwo postuka\u0142e\u015b dziobem w to metalowe\nco\u015b a \u0142ysa sypie nam jakie\u015b \u017carcie. <\/p>\n\n\n\n<p>&#8211; Ona chyba nas czci. <\/p>\n\n\n\n<p>&#8211; Ojciec dumnie wypi\u0105\u0142 pier\u015b i stuka\u0142 w parapet dalej. <\/p>\n\n\n\n<p>&#8211; No mo\u017ce faktycznie to jaka\u015b obca ale s\u0142owo inteligencja\nto ju\u017c przesada. Przecie\u017c oni nawet nie maj\u0105 skrzyde\u0142 i nie potrafi\u0105 lata\u0107.\nPewnie my\u015bl\u0105 \u017ce ziemia jest p\u0142aska nawet \u015bwierszczy nie jedz\u0105. <\/p>\n\n\n\n<p>&#8211; Ale widzia\u0142e\u015b, \u0142ysa co\u015b odstukuje w metal, mo\u017ce bez\nwi\u0119kszego sensu ale jednak. <\/p>\n\n\n\n<p>Ojciec a mo\u017ce my by\u015bmy jako\u015b zaczeli bada\u0107 te \u0142yse ma\u0142py\nmo\u017ce jaka\u015b nagroda Tukana by\u015bmy dostali. <\/p>\n\n\n\n<p>&#8211; Mo\u017ce synu\u015b masz racj\u0119, mo\u017ce da\u0142o by si\u0119 na tym moja\nhabilitacje doko\u0144czy\u0107.&nbsp; <\/p>\n\n\n\n<p>W ko\u0144cu tak ju\u017c ma\u0142o zosta\u0142o do odkrycia a tu jakie\u015b\nszcz\u0105tkowe ale mo\u017ce i inteligentne. &nbsp;<\/p>\n\n\n\n<p>&#8211; S\u0142uchaj jakby\u015bmy tak zacz\u0119li znosi\u0107 jej jakie\u015b szmatki\nkolorowe, po jednym gatunku chrz\u0105szcza. Troch\u0119 dziobem postuka\u0107 jaki\u015b prosty\nkod binarny. Mo\u017ce natchniemy ich do rozwoju i b\u0119dziemy ich obserwowa\u0107. <\/p>\n\n\n\n<p>&#8211; Pomys\u0142 dobry tylko widzisz nas ptak\u00f3w jest tak du\u017co na\ntej ziemi \u017ce przyczyniamy si\u0119 do ocieplenia klimatu. <\/p>\n\n\n\n<p>&#8211; Jak tak dalej p\u00f3jdzie to b\u0119dzie trzeba wybi\u0107 te ma\u0142py\nbo co jak co ale one du\u017ce s\u0105 to i te\u017c przemiana materii u nich solidna. <\/p>\n\n\n\n<p>&#8211; No to tym bardziej musimy ich bada\u0107 jako gatunek\nzagro\u017cony. <\/p>\n\n\n\n<p>&#8211; Wiem, trzeba z\u0142apa\u0107 kilka sztuk najlepiej samc\u00f3w i\nsamic i zamkn\u0105\u0107 w ogrodzie ma\u0142pologicznym.<\/p>\n\n\n\n<p>&#8211; B\u0119dziemy ich mogli obserwowa\u0107 robi\u0107 badania a dzieci\nnaszych dzieci nie b\u0119d\u0105 zna\u0142y ich tylko z ksi\u0105\u017cek. <\/p>\n\n\n\n<p>Pani Lusia ogl\u0105da\u0142a kruczki jak co dzie\u0144. By\u0142a ubra\u0142a w\nsw\u00f3j roboczy fartuszek. Mia\u0142a wst\u0105\u017ck\u0119 we w\u0142osach, okulary oraz zwyk\u0142\u0105 bi\u017cuteri\u0119,\ntanie b\u0142yskotki z bazaru. <\/p>\n\n\n\n<p>&#8211; Ojciec, co tam synek.<\/p>\n\n\n\n<p>&#8211; Ale wiesz co, tak bez wywy\u017cszania gatunkowego, to oni\njednak strasznie \u015bmieszni s\u0105. <\/p>\n\n\n\n<p>Zobacz tego osobnika to chyba samica jest. <\/p>\n\n\n\n<p>&#8211; Po czym poznajesz ?<\/p>\n\n\n\n<p>&#8211; Po zami\u0142owaniu do b\u0142yskotek i ma wi\u0119cej kolorowych\nszmatek w stosunku do samc\u00f3w. <\/p>\n\n\n\n<p>&#8211; Ojciec spojrza\u0142 z politowaniem.<\/p>\n\n\n\n<p>&#8211; Wiesz masz racje no jak nasza mamu\u015bka tylko dzioba nie\nmaluje sokiem z jarz\u0119biny. <\/p>\n\n\n\n<p>&#8211; Ojciec one nie maj\u0105 dziob\u00f3w.<\/p>\n\n\n\n<p>&#8211; No, masz racje. &nbsp;&nbsp;&nbsp;&nbsp;&nbsp;&nbsp;&nbsp;&nbsp;&nbsp;&nbsp;&nbsp;&nbsp;&nbsp;&nbsp;&nbsp;&nbsp;&nbsp;&nbsp;&nbsp;&nbsp;&nbsp;&nbsp;&nbsp;&nbsp;&nbsp;&nbsp;&nbsp;&nbsp;&nbsp;&nbsp;&nbsp;&nbsp;&nbsp;&nbsp;&nbsp;&nbsp;&nbsp;&nbsp;&nbsp;&nbsp;&nbsp;&nbsp;&nbsp;&nbsp;&nbsp;&nbsp;&nbsp;&nbsp;&nbsp;&nbsp;&nbsp;&nbsp;&nbsp;&nbsp;&nbsp;&nbsp;&nbsp;&nbsp;&nbsp;&nbsp;&nbsp;&nbsp;&nbsp;&nbsp;&nbsp;&nbsp;&nbsp;&nbsp;&nbsp;&nbsp;&nbsp;&nbsp;&nbsp;&nbsp;&nbsp;&nbsp;&nbsp;&nbsp;&nbsp;&nbsp;&nbsp;&nbsp;&nbsp;&nbsp;&nbsp;&nbsp;&nbsp;&nbsp;&nbsp;&nbsp;&nbsp;&nbsp;&nbsp;&nbsp;&nbsp;&nbsp;&nbsp;&nbsp;&nbsp;&nbsp;&nbsp;&nbsp;&nbsp;&nbsp;&nbsp;&nbsp;&nbsp;&nbsp;&nbsp;&nbsp;&nbsp;&nbsp; <\/p>\n\n\n\n<p>&#8211; \u015amieszne s\u0105. &nbsp;<\/p>\n","protected":false},"excerpt":{"rendered":"<p>&#8211; Kra, kra. -Tata a jak my\u015blisz czy ci na dole tam s\u0105 jak\u0105\u015b form\u0105 inteligencji ? &#8211; Wygl\u0105daj\u0105 do\u015b\u0107 inteligentnie. &#8211; Mo\u017ce oni te\u017c my\u015bl\u0105 podobnie do nas. Pr\u00f3bowa\u0142em nawet komunikacji ale bez skutecznie. Wiesz oni tylko brz\u0119cz\u0105 i robia te swoje \u015bmieszne kopc\u0105ce maszyny. Szukamy obcych w\u015br\u00f3d gwiazd a tymczasem mamy ich pod&hellip;<\/p>\n","protected":false},"author":1,"featured_media":0,"parent":0,"menu_order":0,"comment_status":"closed","ping_status":"closed","template":"","meta":[],"_links":{"self":[{"href":"https:\/\/www.byczynski.pl\/index.php?rest_route=\/wp\/v2\/pages\/34"}],"collection":[{"href":"https:\/\/www.byczynski.pl\/index.php?rest_route=\/wp\/v2\/pages"}],"about":[{"href":"https:\/\/www.byczynski.pl\/index.php?rest_route=\/wp\/v2\/types\/page"}],"author":[{"embeddable":true,"href":"https:\/\/www.byczynski.pl\/index.php?rest_route=\/wp\/v2\/users\/1"}],"replies":[{"embeddable":true,"href":"https:\/\/www.byczynski.pl\/index.php?rest_route=%2Fwp%2Fv2%2Fcomments&post=34"}],"version-history":[{"count":3,"href":"https:\/\/www.byczynski.pl\/index.php?rest_route=\/wp\/v2\/pages\/34\/revisions"}],"predecessor-version":[{"id":39,"href":"https:\/\/www.byczynski.pl\/index.php?rest_route=\/wp\/v2\/pages\/34\/revisions\/39"}],"wp:attachment":[{"href":"https:\/\/www.byczynski.pl\/index.php?rest_route=%2Fwp%2Fv2%2Fmedia&parent=34"}],"curies":[{"name":"wp","href":"https:\/\/api.w.org\/{rel}","templated":true}]}}