{"id":72,"date":"2021-11-03T16:50:10","date_gmt":"2021-11-03T15:50:10","guid":{"rendered":"https:\/\/www.byczynski.pl\/?page_id=72"},"modified":"2021-11-24T17:37:09","modified_gmt":"2021-11-24T16:37:09","slug":"niezapominajka","status":"publish","type":"page","link":"https:\/\/www.byczynski.pl\/?page_id=72","title":{"rendered":"Niezapominajka"},"content":{"rendered":"\n<h1 class=\"has-text-align-center\"><\/h1>\n\n\n\n<p>By\u0142o ciemno, kiedy m\u0142oda kobieta zapyta\u0142a lokalnego dozorc\u0119 o drog\u0119.<\/p>\n\n\n\n<p>&#8211; Agencja niezapominajka to tutaj ?<\/p>\n\n\n\n<p>Cie\u0107 zmierzy\u0142 j\u0105 od st\u00f3p do czubka kepelusika. Podoba\u0142a mu si\u0119 ta dziewczyna by\u0142a ubrana ze skromn\u0105 elegancj\u0105 a wielkie rondo kapelusza kojarzy\u0142o mu si\u0119 z wielkimi gwiazdami Holywood kt\u00f3rych ju\u017c nigdy nie b\u0119dzie. Teraz to co najwy\u017cej b\u0119dzie Spajdermen a Audrey Hepburn to przemine\u0142a z wiatrem historii. Dziewczyna przyjemnie pachnia\u0142a jak\u0105\u015b kwiatow\u0105 wod\u0105, jej uroda by\u0142a nie nachalna w sam raz \u017ceby nie robi\u0107 sobie jaj z pytaj\u0105cych jak co dzie\u0144, tylko prawd\u0119 powiedzie\u0107. No mo\u017ce chocia\u017c jakie\u015b malutkie jaja sobie zrobi ? Pani szuka tej agencji towarzyskiej ? <a href=\"https:\/\/www.byczynski.pl\/wp-content\/uploads\/2021\/11\/Niezapominajka-byczynski-pl.pdf\" data-type=\"URL\" data-id=\"https:\/\/www.byczynski.pl\/wp-content\/uploads\/2021\/11\/Niezapominajka-byczynski-pl.pdf\">Czytaj dalej<\/a><\/p>\n","protected":false},"excerpt":{"rendered":"<p>By\u0142o ciemno, kiedy m\u0142oda kobieta zapyta\u0142a lokalnego dozorc\u0119 o drog\u0119. &#8211; Agencja niezapominajka to tutaj ? Cie\u0107 zmierzy\u0142 j\u0105 od st\u00f3p do czubka kepelusika. Podoba\u0142a mu si\u0119 ta dziewczyna by\u0142a ubrana ze skromn\u0105 elegancj\u0105 a wielkie rondo kapelusza kojarzy\u0142o mu si\u0119 z wielkimi gwiazdami Holywood kt\u00f3rych ju\u017c nigdy nie b\u0119dzie. Teraz to co najwy\u017cej b\u0119dzie&hellip;<\/p>\n","protected":false},"author":1,"featured_media":0,"parent":0,"menu_order":0,"comment_status":"closed","ping_status":"closed","template":"","meta":[],"_links":{"self":[{"href":"https:\/\/www.byczynski.pl\/index.php?rest_route=\/wp\/v2\/pages\/72"}],"collection":[{"href":"https:\/\/www.byczynski.pl\/index.php?rest_route=\/wp\/v2\/pages"}],"about":[{"href":"https:\/\/www.byczynski.pl\/index.php?rest_route=\/wp\/v2\/types\/page"}],"author":[{"embeddable":true,"href":"https:\/\/www.byczynski.pl\/index.php?rest_route=\/wp\/v2\/users\/1"}],"replies":[{"embeddable":true,"href":"https:\/\/www.byczynski.pl\/index.php?rest_route=%2Fwp%2Fv2%2Fcomments&post=72"}],"version-history":[{"count":3,"href":"https:\/\/www.byczynski.pl\/index.php?rest_route=\/wp\/v2\/pages\/72\/revisions"}],"predecessor-version":[{"id":79,"href":"https:\/\/www.byczynski.pl\/index.php?rest_route=\/wp\/v2\/pages\/72\/revisions\/79"}],"wp:attachment":[{"href":"https:\/\/www.byczynski.pl\/index.php?rest_route=%2Fwp%2Fv2%2Fmedia&parent=72"}],"curies":[{"name":"wp","href":"https:\/\/api.w.org\/{rel}","templated":true}]}}