{"id":89,"date":"2024-02-12T20:19:27","date_gmt":"2024-02-12T19:19:27","guid":{"rendered":"https:\/\/www.byczynski.pl\/?page_id=89"},"modified":"2024-02-12T20:31:19","modified_gmt":"2024-02-12T19:31:19","slug":"alice-2","status":"publish","type":"page","link":"https:\/\/www.byczynski.pl\/?page_id=89","title":{"rendered":"Alice"},"content":{"rendered":"\n<p>Spotka\u0142em j\u0105 pewnego mro\u017anego popo\u0142udnia. <\/p>\n\n\n\n<p>Gdy za oknem szaruga, a w domku ciep\u0142o i przyjemnie. Siedzia\u0142em z kubkiem herbaty doprawionej cytryn\u0105 i cukrem. Przegl\u0105da\u0142em niechcian\u0105 poczt\u0119. Kasowa\u0142em spam, czyli listy nachalne od ludzi, kt\u00f3rzy chc\u0105 mi sprzeda\u0107 Viagr\u0119, czy powi\u0119kszy\u0107 penisa. Wszystko to za darmo lub w najlepszej \u015bwi\u0105tecznej cenie.<br>Kasowa\u0142em r\u00f3wnie\u017c oferty bank\u00f3w, \u0142a\u0144cuszki szcz\u0119\u015bcia, kt\u00f3re jak przerwiesz to wpadniesz pod poci\u0105g. Chcia\u0142em wyciacha\u0107 kolejny list, gdy moja r\u0119ka zawis\u0142a nad klawiatur\u0105. List by\u0142 szary w czystym tek\u015bcie bez sieciowych ozdobnik\u00f3w. Taki ma\u0142y, szary go\u0142\u0105bek po\u015br\u00f3d wypasionych pawi.<\/p>\n\n\n\n<p>Czytaj dalej .. <a href=\"https:\/\/www.byczynski.pl\/wp-content\/uploads\/2024\/02\/alice_corrected_12_02_2024.pdf\" data-type=\"URL\" data-id=\"https:\/\/www.byczynski.pl\/wp-content\/uploads\/2024\/02\/alice_corrected_12_02_2024.pdf\">pdf<\/a><\/p>\n","protected":false},"excerpt":{"rendered":"<p>Spotka\u0142em j\u0105 pewnego mro\u017anego popo\u0142udnia. Gdy za oknem szaruga, a w domku ciep\u0142o i przyjemnie. Siedzia\u0142em z kubkiem herbaty doprawionej cytryn\u0105 i cukrem. Przegl\u0105da\u0142em niechcian\u0105 poczt\u0119. Kasowa\u0142em spam, czyli listy nachalne od ludzi, kt\u00f3rzy chc\u0105 mi sprzeda\u0107 Viagr\u0119, czy powi\u0119kszy\u0107 penisa. Wszystko to za darmo lub w najlepszej \u015bwi\u0105tecznej cenie.Kasowa\u0142em r\u00f3wnie\u017c oferty bank\u00f3w, \u0142a\u0144cuszki szcz\u0119\u015bcia,&hellip;<\/p>\n","protected":false},"author":1,"featured_media":0,"parent":0,"menu_order":0,"comment_status":"closed","ping_status":"closed","template":"","meta":[],"_links":{"self":[{"href":"https:\/\/www.byczynski.pl\/index.php?rest_route=\/wp\/v2\/pages\/89"}],"collection":[{"href":"https:\/\/www.byczynski.pl\/index.php?rest_route=\/wp\/v2\/pages"}],"about":[{"href":"https:\/\/www.byczynski.pl\/index.php?rest_route=\/wp\/v2\/types\/page"}],"author":[{"embeddable":true,"href":"https:\/\/www.byczynski.pl\/index.php?rest_route=\/wp\/v2\/users\/1"}],"replies":[{"embeddable":true,"href":"https:\/\/www.byczynski.pl\/index.php?rest_route=%2Fwp%2Fv2%2Fcomments&post=89"}],"version-history":[{"count":8,"href":"https:\/\/www.byczynski.pl\/index.php?rest_route=\/wp\/v2\/pages\/89\/revisions"}],"predecessor-version":[{"id":102,"href":"https:\/\/www.byczynski.pl\/index.php?rest_route=\/wp\/v2\/pages\/89\/revisions\/102"}],"wp:attachment":[{"href":"https:\/\/www.byczynski.pl\/index.php?rest_route=%2Fwp%2Fv2%2Fmedia&parent=89"}],"curies":[{"name":"wp","href":"https:\/\/api.w.org\/{rel}","templated":true}]}}